{"id":3892,"date":"2021-01-18T07:38:39","date_gmt":"2021-01-18T07:38:39","guid":{"rendered":"https:\/\/probance.com\/privacy-policy\/"},"modified":"2021-04-15T13:59:12","modified_gmt":"2021-04-15T13:59:12","slug":"politica-de-privacidad","status":"publish","type":"page","link":"https:\/\/preprod.probance.com\/es\/politica-de-privacidad\/","title":{"rendered":"Pol\u00edtica de privacidad"},"content":{"rendered":"<p>[et_pb_section fb_built=\u00bb1&#8243; custom_padding_last_edited=\u00bbon|tablet\u00bb _builder_version=\u00bb4.8.2&#8243; _module_preset=\u00bbdefault\u00bb custom_margin=\u00bb||||false|false\u00bb custom_padding=\u00bb170px||80px||false|false\u00bb custom_padding_tablet=\u00bb100px||||false|false\u00bb custom_padding_phone=\u00bb\u00bb][et_pb_row _builder_version=\u00bb4.8.2&#8243; _module_preset=\u00bbdefault\u00bb width=\u00bb84%\u00bb max_width=\u00bb2560px\u00bb][et_pb_column type=\u00bb4_4&#8243; _builder_version=\u00bb4.8.2&#8243; _module_preset=\u00bbdefault\u00bb][et_pb_text _builder_version=\u00bb4.8.2&#8243; _module_preset=\u00bbdefault\u00bb header_text_color=\u00bb#000000&#8243;]<\/p>\n<h3 class=\"LC20lb DKV0Md\"><strong>Pol\u00edtica de Confidencialidad<\/strong><\/h3>\n<p>[\/et_pb_text][\/et_pb_column][\/et_pb_row][\/et_pb_section][et_pb_section fb_built=\u00bb1&#8243; _builder_version=\u00bb4.8.2&#8243; _module_preset=\u00bbdefault\u00bb custom_margin=\u00bb||100px||false|false\u00bb][et_pb_row _builder_version=\u00bb4.8.2&#8243; _module_preset=\u00bbdefault\u00bb width=\u00bb84%\u00bb max_width=\u00bb2560px\u00bb][et_pb_column type=\u00bb4_4&#8243; _builder_version=\u00bb4.8.2&#8243; _module_preset=\u00bbdefault\u00bb][et_pb_text _builder_version=\u00bb4.8.2&#8243; _module_preset=\u00bbdefault\u00bb]<\/p>\n<h2>Informaci\u00f3n sobre el tracking<\/h2>\n<p>Probance usa diferentes medios para recopilar informaci\u00f3n relacionada con este sitio para permitirnos identificar las necesidades de nuestros visitantes. Probance es el \u00fanico propietario de la informaci\u00f3n que se recopila en nuestro sitio.\u00a0Nos comprometemos a no comunicar nunca, vender ni alquilar esta informaci\u00f3n de otra forma a la expl\u00edcitamente prevista por la presente pol\u00edtica de confidencialidad o en caso de orden judicial.<\/p>\n<p>[\/et_pb_text][et_pb_text _builder_version=\u00bb4.8.2&#8243; _module_preset=\u00bbdefault\u00bb]<\/p>\n<p><span style=\"font-family: 'Archia Regular', Helvetica, Arial, Lucida, sans-serif; font-size: 51px;\">Inscripci\u00f3n<\/span><\/p>\n<p>En algunas p\u00e1ginas de nuestro sitio, los usuarios tienen la posibilidad de registrarse en diferentes servicios (ej.: bolet\u00edn informativo, descarga de gu\u00eda, etc.) cumplimentando los formularios previstos para ello. En estos formularios, se le solicitar\u00e1 que indique su nombre de usuario, su direcci\u00f3n de correo electr\u00f3nico, su empresa e informaci\u00f3n adicional para ayudarnos a suministrarle el servicio solicitado. El usuario podr\u00e1 elegir comunicar otra informaci\u00f3n no obligatoria que nos permitir\u00e1 aportar un servicio m\u00e1s personalizado.<\/p>\n<p>[\/et_pb_text][et_pb_text _builder_version=\u00bb4.8.2&#8243; _module_preset=\u00bbdefault\u00bb]<\/p>\n<p><span style=\"font-family: 'Archia Regular', Helvetica, Arial, Lucida, sans-serif; font-size: 51px;\">Datos personales recopilados<\/span><\/p>\n<p>En el sitio https:\/\/www.probance.com, se recopilan 4 tipos de datos personales:<\/p>\n<ul>\n<li>Datos introducidos y enviados mediante los formularios.<\/li>\n<li>Datos recopilados para la herramienta de medici\u00f3n de la audiencia Google Analytics.<\/li>\n<li>Datos recopilados al reproducir el v\u00eddeo disponible en el enlace http:\/\/35.187.83.215\/?video=show por Vim\u00e9o<\/li>\n<li>Datos recopilados por nuestro trazador Probance Webtrack.<\/li>\n<\/ul>\n<p>[\/et_pb_text][et_pb_text _builder_version=\u00bb4.8.2&#8243; _module_preset=\u00bbdefault\u00bb]<\/p>\n<p><span style=\"font-family: 'Archia Regular', Helvetica, Arial, Lucida, sans-serif; font-size: 51px;\">Cookies\u00a0<\/span><\/p>\n<p>Nuestro sitio de internet usa cookies que nos permiten evaluar las necesidades de nuestra audiencia y los temas que le interesan. Esta informaci\u00f3n, que se usa para mejorar nuestro sitio de internet y los servicios que ofrecemos, no contiene ning\u00fan dato susceptible de identificar a un individuo. Aunque rechace la cookie, el cliente podr\u00e1 seguir navegando en nuestro sitio, pero se podr\u00edan limitar algunas funciones.<\/p>\n<p>Una cookie es un peque\u00f1o archivo de texto enviado por Probance o por un socio (un proveedor tercero de herramienta de an\u00e1lisis web como Google Analytics por ejemplo) a su ordenador a trav\u00e9s de su navegador web (salvo que haya configurado su navegador de forma que bloquee las cookies) y que contiene un identificador aleatorio y \u00fanico. En Probance, usamos especialmente las cookies de an\u00e1lisis que nos permiten mejorar nuestra estrategia de marketing.<\/p>\n<p>Puede bloquear las cookies activando el par\u00e1metro correspondiente en su navegador; esto le permitir\u00e1 bloquear todas las cookies o solamente ciertas cookies. Para obtener informaci\u00f3n sobre las cookies y la forma de configurar su navegador para que las bloquee, consulte <u><a href=\"http:\/\/www.allaboutcookies.org\/\">www.allaboutcookies.org<\/a><\/u> o tambi\u00e9n <u><a href=\"http:\/\/www.networkadvertising.org\/\">http:\/\/www.networkadvertising.org<\/a><\/u>. Para desactivar Google Analytics, use la herramienta <u><a href=\"http:\/\/tools.google.com\/dlpage\/gaoptout\">http:\/\/tools.google.com\/dlpage\/gaoptout<\/a><\/u>.<\/p>\n<p>[\/et_pb_text][et_pb_text _builder_version=\u00bb4.8.2&#8243; _module_preset=\u00bbdefault\u00bb]<\/p>\n<p><span style=\"font-family: 'Archia Regular', Helvetica, Arial, Lucida, sans-serif; font-size: 51px;\">Responsable del procesamiento de los datos personales<\/span><\/p>\n<p>Los datos personales son recopilados en el sitio por la empresa Probance inscrita en el Registro Mercantil de Nanterre con el n\u00famero\u00a0478 383 946 y cuya sede social se encuentra en\u00a0177 bureaux de la Colline 92213 Saint Cloud Cedex.<\/p>\n<p>[\/et_pb_text][et_pb_text _builder_version=\u00bb4.8.2&#8243; _module_preset=\u00bbdefault\u00bb hover_enabled=\u00bb0&#8243; sticky_enabled=\u00bb0&#8243;]<\/p>\n<p><span style=\"font-family: 'Archia Regular', Helvetica, Arial, Lucida, sans-serif; font-size: 51px;\">Finalidades de la recolecci\u00f3n de datos personales<\/span><\/p>\n<p>La recopilaci\u00f3n de datos personales mediante los diferentes formularios presentes en el sitio as\u00ed como la herramienta de seguimiento Google Analytics tiene el objetivo de:<\/p>\n<ul>\n<li>volver a ponerse en contacto con las personas que han dejado su informaci\u00f3n de contacto;<\/li>\n<li>garantizar un seguimiento comercial de las empresas interesadas en nuestros servicios;<\/li>\n<li>analizar el comportamiento de los internautas en el sitio para poder medir la audiencia y mejorar las acciones de marketing;<\/li>\n<li>detectar las reacciones de nuestros contactos a nuestras campa\u00f1as de ciberbuzoneo (acceso y visita a nuestro sitio).<\/li>\n<\/ul>\n<p>Al enviar el formulario, el internauta da su acuerdo para que los datos personales se procesen con el objetivo de gestionar la relaci\u00f3n comercial y mejorar la estrategia marketing. Google Analytics usa cookies de terceros para distinguir a los usuarios. Las cookies son archivos de texto que se instalan en el terminal de los internautas. No contienen ninguna informaci\u00f3n nominativa, solamente identificadores creados de forma aleatoria.<\/p>\n<p>Al recorrer el sitio, el internauta da expresamente su acuerdo para que los datos personales recopilados por Google Analytics se procesen para el an\u00e1lisis del comportamiento de los internautas y mejorar las prestaciones del sitio.<\/p>\n<p>[\/et_pb_text][et_pb_text _builder_version=\u00bb4.8.2&#8243; _module_preset=\u00bbdefault\u00bb hover_enabled=\u00bb0&#8243; sticky_enabled=\u00bb0&#8243;]<\/p>\n<p><span style=\"font-family: 'Archia Regular', Helvetica, Arial, Lucida, sans-serif; font-size: 51px;\">Tiempo de conservaci\u00f3n de los datos<\/span><\/p>\n<p>Los datos personales recopilados a trav\u00e9s de los formularios se conservar\u00e1n durante un periodo de 3 a\u00f1os a partir del env\u00edo del formulario.<\/p>\n<p>Las cookies que use la herramienta de medici\u00f3n de audiencia de Google Analytics tienen las vidas \u00fatiles siguientes:<br \/>_ga: 14 meses<br \/>_gid: 24 horas<br \/>_gat: 1 minuto<\/p>\n<p>[\/et_pb_text][et_pb_text _builder_version=\u00bb4.8.2&#8243; _module_preset=\u00bbdefault\u00bb]<\/p>\n<p><span style=\"font-family: 'Archia Regular', Helvetica, Arial, Lucida, sans-serif; font-size: 51px;\">Confidencialidad de los datos personales<\/span><\/p>\n<p>Los datos personales que le conciernan y sean recopilados por el sitio https:\/\/www.probance.com solo estar\u00e1n destinados a la empresa Probance y solo se explotar\u00e1n en el marco de la solicitud especificada en el formulario.<\/p>\n<p>En ning\u00fan caso, los datos personales introducidos y enviados en los formularios se transmitir\u00e1n, alquilar\u00e1n o comercializar\u00e1n a terceros.<\/p>\n<p>[\/et_pb_text][et_pb_text _builder_version=\u00bb4.8.2&#8243; _module_preset=\u00bbdefault\u00bb]<\/p>\n<p><span style=\"font-family: 'Archia Regular', Helvetica, Arial, Lucida, sans-serif; font-size: 51px;\">Lugar de almacenamiento de los datos personales<\/span><\/p>\n<p>El servidor de alojamiento de los datos personales est\u00e1 exclusivamente situado en B\u00e9lgica, dentro de la Uni\u00f3n Europea.<br \/>Probance se compromete a no realizar ninguna transferencia de datos personales a un Estado no miembro de la Comunidad Europea.<\/p>\n<p>[\/et_pb_text][et_pb_text _builder_version=\u00bb4.8.2&#8243; _module_preset=\u00bbdefault\u00bb]<\/p>\n<p><span style=\"font-family: 'Archia Regular', Helvetica, Arial, Lucida, sans-serif; font-size: 51px;\">Seguridad de los datos personales<\/span><\/p>\n<p>El sitio est\u00e1 alojado en un servidor seguro de Online.<br \/>Los datos personales se almacenan en\u00a0<a href=\"https:\/\/cloud.google.com\/security\/compliance\/?hl=es#\/\" target=\"_blank\" rel=\"noopener noreferrer\">un servidor seguro Google<\/a>\u00a0que cumple con las normas ISO 27001, ISO 27017, ISO 27018, SOC 2 y SOC 3.<\/p>\n<p>La totalidad de las p\u00e1ginas est\u00e1 en modo seguro de tipo HTTPS, TLS 1.2 \/ RSA. Se trata de un protocolo de seguridad que permite cifrar el contenido de los intercambios entre el navegador y los servidores de las bases de datos. Esto evita que los datos personales introducidos y enviados por los formularios puedan ser le\u00eddos por terceros durante su tr\u00e1nsito.<\/p>\n<p>[\/et_pb_text][et_pb_text _builder_version=\u00bb4.8.2&#8243; _module_preset=\u00bbdefault\u00bb]<\/p>\n<p><span style=\"font-family: 'Archia Regular', Helvetica, Arial, Lucida, sans-serif;\"><span style=\"font-size: 51px;\">Delegado de la Protecci\u00f3n de Datos<\/span><\/span><\/p>\n<p>Emmanuel Duhesme es el Delegado de la Protecci\u00f3n de Datos (DPD) de la empresa Probance. Es responsable en particular de garantizar la conformidad de las actividades de la empresa con el nuevo marco legal europeo del RGPD y cooperar con la autoridad de control.<br \/>Puede ponerse en contacto con \u00e9l\u00a0<u><a href=\"https:\/\/probance.com\/es\/contacto\/\">utilizando nuestro formulario de contacto<\/a><\/u>\u00a0o por correo a:<br \/>Probance \u2013 D\u00e9l\u00e9gu\u00e9 \u00e0 la Protection des Donn\u00e9es \u2013 177 bureaux de la Colline \u2013 92213 Saint Cloud Cedex (Francia)<\/p>\n<p>[\/et_pb_text][et_pb_text _builder_version=\u00bb4.8.2&#8243; _module_preset=\u00bbdefault\u00bb]<\/p>\n<p><span style=\"font-family: 'Archia Regular', Helvetica, Arial, Lucida, sans-serif;\"><span style=\"font-size: 51px;\">Derecho de acceso, de rectificaci\u00f3n o de eliminaci\u00f3n de los datos personales<\/span><\/span><\/p>\n<p>En cumplimiento de la Ley de Inform\u00e1tica y Libertades de 6 de enero de 1978 modificada y del Reglamento Europeo General de Protecci\u00f3n de Datos 2016-679 (RGPD), dispone de un derecho de acceso, de rectificaci\u00f3n y de eliminaci\u00f3n de sus datos personales que podr\u00e1 ejercer\u00a0<u><a href=\"https:\/\/probance.com\/es\/datos-personales\/\">utilizando nuestro formulario de gesti\u00f3n de datos personales<\/a><\/u>\u00a0o enviando una carta a Probance \u2013 177 bureaux de la Colline \u2013 92213 Saint Cloud Cedex (Francia)<\/p>\n<p>[\/et_pb_text][\/et_pb_column][\/et_pb_row][\/et_pb_section]<\/p>\n","protected":false},"excerpt":{"rendered":"<p>Pol\u00edtica de ConfidencialidadInformaci\u00f3n sobre el tracking Probance usa diferentes medios para recopilar informaci\u00f3n relacionada con este sitio para permitirnos identificar las necesidades de nuestros visitantes. Probance es el \u00fanico propietario de la informaci\u00f3n que se recopila en nuestro sitio.\u00a0Nos comprometemos a no comunicar nunca, vender ni alquilar esta informaci\u00f3n de otra forma a la expl\u00edcitamente [&hellip;]<\/p>\n","protected":false},"author":1,"featured_media":0,"parent":0,"menu_order":0,"comment_status":"closed","ping_status":"closed","template":"","meta":{"_et_pb_use_builder":"on","_et_pb_old_content":"<!-- wp:heading -->\r\n<h2>Who we are<\/h2>\r\n<!-- \/wp:heading --><!-- wp:paragraph -->\r\n<p>Our website address is: https:\/\/probance.com.<\/p>\r\n<!-- \/wp:paragraph --><!-- wp:heading -->\r\n<h2>What personal data we collect and why we collect it<\/h2>\r\n<!-- \/wp:heading --><!-- wp:heading {\"level\":3} -->\r\n<h3>Comments<\/h3>\r\n<!-- \/wp:heading --><!-- wp:paragraph -->\r\n<p>When visitors leave comments on the site we collect the data shown in the comments form, and also the visitor\u2019s IP address and browser user agent string to help spam detection.<\/p>\r\n<!-- \/wp:paragraph --><!-- wp:paragraph -->\r\n<p>An anonymized string created from your email address (also called a hash) may be provided to the Gravatar service to see if you are using it. The Gravatar service privacy policy is available here: https:\/\/automattic.com\/privacy\/. After approval of your comment, your profile picture is visible to the public in the context of your comment.<\/p>\r\n<!-- \/wp:paragraph --><!-- wp:heading {\"level\":3} -->\r\n<h3>Media<\/h3>\r\n<!-- \/wp:heading --><!-- wp:paragraph -->\r\n<p>If you upload images to the website, you should avoid uploading images with embedded location data (EXIF GPS) included. Visitors to the website can download and extract any location data from images on the website.<\/p>\r\n<!-- \/wp:paragraph --><!-- wp:heading {\"level\":3} -->\r\n<h3>Contact forms<\/h3>\r\n<!-- \/wp:heading --><!-- wp:heading {\"level\":3} -->\r\n<h3>Cookies<\/h3>\r\n<!-- \/wp:heading --><!-- wp:paragraph -->\r\n<p>If you leave a comment on our site you may opt-in to saving your name, email address and website in cookies. These are for your convenience so that you do not have to fill in your details again when you leave another comment. These cookies will last for one year.<\/p>\r\n<!-- \/wp:paragraph --><!-- wp:paragraph -->\r\n<p>If you visit our login page, we will set a temporary cookie to determine if your browser accepts cookies. This cookie contains no personal data and is discarded when you close your browser.<\/p>\r\n<!-- \/wp:paragraph --><!-- wp:paragraph -->\r\n<p>When you log in, we will also set up several cookies to save your login information and your screen display choices. Login cookies last for two days, and screen options cookies last for a year. If you select \"Remember Me\", your login will persist for two weeks. If you log out of your account, the login cookies will be removed.<\/p>\r\n<!-- \/wp:paragraph --><!-- wp:paragraph -->\r\n<p>If you edit or publish an article, an additional cookie will be saved in your browser. This cookie includes no personal data and simply indicates the post ID of the article you just edited. It expires after 1 day.<\/p>\r\n<!-- \/wp:paragraph --><!-- wp:heading {\"level\":3} -->\r\n<h3>Embedded content from other websites<\/h3>\r\n<!-- \/wp:heading --><!-- wp:paragraph -->\r\n<p>Articles on this site may include embedded content (e.g. videos, images, articles, etc.). Embedded content from other websites behaves in the exact same way as if the visitor has visited the other website.<\/p>\r\n<!-- \/wp:paragraph --><!-- wp:paragraph -->\r\n<p>These websites may collect data about you, use cookies, embed additional third-party tracking, and monitor your interaction with that embedded content, including tracking your interaction with the embedded content if you have an account and are logged in to that website.<\/p>\r\n<!-- \/wp:paragraph --><!-- wp:heading {\"level\":3} -->\r\n<h3>Analytics<\/h3>\r\n<!-- \/wp:heading --><!-- wp:heading -->\r\n<h2>Who we share your data with<\/h2>\r\n<!-- \/wp:heading --><!-- wp:paragraph -->\r\n<p>If you request a password reset, your IP address will be included in the reset email.<\/p>\r\n<!-- \/wp:paragraph --><!-- wp:heading -->\r\n<h2>How long we retain your data<\/h2>\r\n<!-- \/wp:heading --><!-- wp:paragraph -->\r\n<p>If you leave a comment, the comment and its metadata are retained indefinitely. This is so we can recognize and approve any follow-up comments automatically instead of holding them in a moderation queue.<\/p>\r\n<!-- \/wp:paragraph --><!-- wp:paragraph -->\r\n<p>For users that register on our website (if any), we also store the personal information they provide in their user profile. All users can see, edit, or delete their personal information at any time (except they cannot change their username). Website administrators can also see and edit that information.<\/p>\r\n<!-- \/wp:paragraph --><!-- wp:heading -->\r\n<h2>What rights you have over your data<\/h2>\r\n<!-- \/wp:heading --><!-- wp:paragraph -->\r\n<p>If you have an account on this site, or have left comments, you can request to receive an exported file of the personal data we hold about you, including any data you have provided to us. You can also request that we erase any personal data we hold about you. This does not include any data we are obliged to keep for administrative, legal, or security purposes.<\/p>\r\n<!-- \/wp:paragraph --><!-- wp:heading -->\r\n<h2>Where we send your data<\/h2>\r\n<!-- \/wp:heading --><!-- wp:paragraph -->\r\n<p>Visitor comments may be checked through an automated spam detection service.<\/p>\r\n<!-- \/wp:paragraph --><!-- wp:heading -->\r\n<h2>Your contact information<\/h2>\r\n<!-- \/wp:heading --><!-- wp:heading -->\r\n<h2>Additional information<\/h2>\r\n<!-- \/wp:heading --><!-- wp:heading {\"level\":3} -->\r\n<h3>How we protect your data<\/h3>\r\n<!-- \/wp:heading --><!-- wp:heading {\"level\":3} -->\r\n<h3>What data breach procedures we have in place<\/h3>\r\n<!-- \/wp:heading --><!-- wp:heading {\"level\":3} -->\r\n<h3>What third parties we receive data from<\/h3>\r\n<!-- \/wp:heading --><!-- wp:heading {\"level\":3} -->\r\n<h3>What automated decision making and\/or profiling we do with user data<\/h3>\r\n<!-- \/wp:heading --><!-- wp:heading {\"level\":3} -->\r\n<h3>Industry regulatory disclosure requirements<\/h3>\r\n<!-- \/wp:heading -->","_et_gb_content_width":"","footnotes":""},"class_list":["post-3892","page","type-page","status-publish","hentry"],"yoast_head":"<!-- This site is optimized with the Yoast SEO plugin v26.5 - https:\/\/yoast.com\/wordpress\/plugins\/seo\/ -->\n<title>Pol\u00edtica de privacidad - [Preprod] Probance<\/title>\n<meta name=\"robots\" content=\"index, follow, max-snippet:-1, max-image-preview:large, max-video-preview:-1\" \/>\n<link rel=\"canonical\" href=\"https:\/\/preprod.probance.com\/privacy-policy\/\" \/>\n<meta property=\"og:locale\" content=\"es_ES\" \/>\n<meta property=\"og:type\" content=\"article\" \/>\n<meta property=\"og:title\" content=\"Pol\u00edtica de privacidad - [Preprod] Probance\" \/>\n<meta property=\"og:description\" content=\"Pol\u00edtica de ConfidencialidadInformaci\u00f3n sobre el tracking Probance usa diferentes medios para recopilar informaci\u00f3n relacionada con este sitio para permitirnos identificar las necesidades de nuestros visitantes. Probance es el \u00fanico propietario de la informaci\u00f3n que se recopila en nuestro sitio.\u00a0Nos comprometemos a no comunicar nunca, vender ni alquilar esta informaci\u00f3n de otra forma a la expl\u00edcitamente [&hellip;]\" \/>\n<meta property=\"og:url\" content=\"https:\/\/preprod.probance.com\/privacy-policy\/\" \/>\n<meta property=\"og:site_name\" content=\"[Preprod] Probance\" \/>\n<meta property=\"article:modified_time\" content=\"2021-04-15T13:59:12+00:00\" \/>\n<meta name=\"twitter:card\" content=\"summary_large_image\" \/>\n<meta name=\"twitter:label1\" content=\"Tiempo de lectura\" \/>\n\t<meta name=\"twitter:data1\" content=\"7 minutos\" \/>\n<script type=\"application\/ld+json\" class=\"yoast-schema-graph\">{\"@context\":\"https:\/\/schema.org\",\"@graph\":[{\"@type\":\"WebPage\",\"@id\":\"https:\/\/preprod.probance.com\/privacy-policy\/\",\"url\":\"https:\/\/preprod.probance.com\/privacy-policy\/\",\"name\":\"Pol\u00edtica de privacidad - [Preprod] Probance\",\"isPartOf\":{\"@id\":\"https:\/\/preprod.probance.com\/#website\"},\"datePublished\":\"2021-01-18T07:38:39+00:00\",\"dateModified\":\"2021-04-15T13:59:12+00:00\",\"breadcrumb\":{\"@id\":\"https:\/\/preprod.probance.com\/privacy-policy\/#breadcrumb\"},\"inLanguage\":\"es\",\"potentialAction\":[{\"@type\":\"ReadAction\",\"target\":[\"https:\/\/preprod.probance.com\/privacy-policy\/\"]}]},{\"@type\":\"BreadcrumbList\",\"@id\":\"https:\/\/preprod.probance.com\/privacy-policy\/#breadcrumb\",\"itemListElement\":[{\"@type\":\"ListItem\",\"position\":1,\"name\":\"Home\",\"item\":\"https:\/\/preprod.probance.com\/\"},{\"@type\":\"ListItem\",\"position\":2,\"name\":\"Pol\u00edtica de privacidad\"}]},{\"@type\":\"WebSite\",\"@id\":\"https:\/\/preprod.probance.com\/#website\",\"url\":\"https:\/\/preprod.probance.com\/\",\"name\":\"[Preprod] Probance\",\"description\":\"\",\"potentialAction\":[{\"@type\":\"SearchAction\",\"target\":{\"@type\":\"EntryPoint\",\"urlTemplate\":\"https:\/\/preprod.probance.com\/?s={search_term_string}\"},\"query-input\":{\"@type\":\"PropertyValueSpecification\",\"valueRequired\":true,\"valueName\":\"search_term_string\"}}],\"inLanguage\":\"es\"}]}<\/script>\n<!-- \/ Yoast SEO plugin. -->","yoast_head_json":{"title":"Pol\u00edtica de privacidad - [Preprod] Probance","robots":{"index":"index","follow":"follow","max-snippet":"max-snippet:-1","max-image-preview":"max-image-preview:large","max-video-preview":"max-video-preview:-1"},"canonical":"https:\/\/preprod.probance.com\/privacy-policy\/","og_locale":"es_ES","og_type":"article","og_title":"Pol\u00edtica de privacidad - [Preprod] Probance","og_description":"Pol\u00edtica de ConfidencialidadInformaci\u00f3n sobre el tracking Probance usa diferentes medios para recopilar informaci\u00f3n relacionada con este sitio para permitirnos identificar las necesidades de nuestros visitantes. Probance es el \u00fanico propietario de la informaci\u00f3n que se recopila en nuestro sitio.\u00a0Nos comprometemos a no comunicar nunca, vender ni alquilar esta informaci\u00f3n de otra forma a la expl\u00edcitamente [&hellip;]","og_url":"https:\/\/preprod.probance.com\/privacy-policy\/","og_site_name":"[Preprod] Probance","article_modified_time":"2021-04-15T13:59:12+00:00","twitter_card":"summary_large_image","twitter_misc":{"Tiempo de lectura":"7 minutos"},"schema":{"@context":"https:\/\/schema.org","@graph":[{"@type":"WebPage","@id":"https:\/\/preprod.probance.com\/privacy-policy\/","url":"https:\/\/preprod.probance.com\/privacy-policy\/","name":"Pol\u00edtica de privacidad - [Preprod] Probance","isPartOf":{"@id":"https:\/\/preprod.probance.com\/#website"},"datePublished":"2021-01-18T07:38:39+00:00","dateModified":"2021-04-15T13:59:12+00:00","breadcrumb":{"@id":"https:\/\/preprod.probance.com\/privacy-policy\/#breadcrumb"},"inLanguage":"es","potentialAction":[{"@type":"ReadAction","target":["https:\/\/preprod.probance.com\/privacy-policy\/"]}]},{"@type":"BreadcrumbList","@id":"https:\/\/preprod.probance.com\/privacy-policy\/#breadcrumb","itemListElement":[{"@type":"ListItem","position":1,"name":"Home","item":"https:\/\/preprod.probance.com\/"},{"@type":"ListItem","position":2,"name":"Pol\u00edtica de privacidad"}]},{"@type":"WebSite","@id":"https:\/\/preprod.probance.com\/#website","url":"https:\/\/preprod.probance.com\/","name":"[Preprod] Probance","description":"","potentialAction":[{"@type":"SearchAction","target":{"@type":"EntryPoint","urlTemplate":"https:\/\/preprod.probance.com\/?s={search_term_string}"},"query-input":{"@type":"PropertyValueSpecification","valueRequired":true,"valueName":"search_term_string"}}],"inLanguage":"es"}]}},"_links":{"self":[{"href":"https:\/\/preprod.probance.com\/es\/wp-json\/wp\/v2\/pages\/3892","targetHints":{"allow":["GET"]}}],"collection":[{"href":"https:\/\/preprod.probance.com\/es\/wp-json\/wp\/v2\/pages"}],"about":[{"href":"https:\/\/preprod.probance.com\/es\/wp-json\/wp\/v2\/types\/page"}],"author":[{"embeddable":true,"href":"https:\/\/preprod.probance.com\/es\/wp-json\/wp\/v2\/users\/1"}],"replies":[{"embeddable":true,"href":"https:\/\/preprod.probance.com\/es\/wp-json\/wp\/v2\/comments?post=3892"}],"version-history":[{"count":6,"href":"https:\/\/preprod.probance.com\/es\/wp-json\/wp\/v2\/pages\/3892\/revisions"}],"predecessor-version":[{"id":4411,"href":"https:\/\/preprod.probance.com\/es\/wp-json\/wp\/v2\/pages\/3892\/revisions\/4411"}],"wp:attachment":[{"href":"https:\/\/preprod.probance.com\/es\/wp-json\/wp\/v2\/media?parent=3892"}],"curies":[{"name":"wp","href":"https:\/\/api.w.org\/{rel}","templated":true}]}}