{"id":2653,"date":"2021-02-23T13:45:14","date_gmt":"2021-02-23T13:45:14","guid":{"rendered":"https:\/\/probance.com\/legals\/"},"modified":"2021-03-17T15:46:45","modified_gmt":"2021-03-17T15:46:45","slug":"mentions-legales","status":"publish","type":"page","link":"https:\/\/preprod.probance.com\/fr\/mentions-legales\/","title":{"rendered":"Mentions l\u00e9gales"},"content":{"rendered":"<p>[et_pb_section fb_built=\u00a0\u00bb1&Prime; custom_padding_last_edited=\u00a0\u00bbon|tablet\u00a0\u00bb _builder_version=\u00a0\u00bb4.8.2&Prime; _module_preset=\u00a0\u00bbdefault\u00a0\u00bb custom_margin=\u00a0\u00bb||||false|false\u00a0\u00bb custom_padding=\u00a0\u00bb170px||80px||false|false\u00a0\u00bb custom_padding_tablet=\u00a0\u00bb100px||||false|false\u00a0\u00bb custom_padding_phone=\u00a0\u00bb\u00a0\u00bb][et_pb_row _builder_version=\u00a0\u00bb4.8.2&Prime; _module_preset=\u00a0\u00bbdefault\u00a0\u00bb width=\u00a0\u00bb84%\u00a0\u00bb max_width=\u00a0\u00bb2560px\u00a0\u00bb][et_pb_column type=\u00a0\u00bb4_4&Prime; _builder_version=\u00a0\u00bb4.8.2&Prime; _module_preset=\u00a0\u00bbdefault\u00a0\u00bb][et_pb_text _builder_version=\u00a0\u00bb4.8.2&Prime; _module_preset=\u00a0\u00bbdefault\u00a0\u00bb header_text_color=\u00a0\u00bb#000000&Prime;]<\/p>\n<h1><strong>Mentions L\u00e9gales<\/strong><\/h1>\n<p>[\/et_pb_text][\/et_pb_column][\/et_pb_row][\/et_pb_section][et_pb_section fb_built=\u00a0\u00bb1&Prime; _builder_version=\u00a0\u00bb4.8.2&Prime; _module_preset=\u00a0\u00bbdefault\u00a0\u00bb custom_margin=\u00a0\u00bb||100px||false|false\u00a0\u00bb][et_pb_row column_structure=\u00a0\u00bb1_2,1_2&Prime; _builder_version=\u00a0\u00bb4.8.2&Prime; _module_preset=\u00a0\u00bbdefault\u00a0\u00bb width=\u00a0\u00bb84%\u00a0\u00bb max_width=\u00a0\u00bb2560px\u00a0\u00bb][et_pb_column type=\u00a0\u00bb1_2&Prime; _builder_version=\u00a0\u00bb4.8.2&Prime; _module_preset=\u00a0\u00bbdefault\u00a0\u00bb][et_pb_text _builder_version=\u00a0\u00bb4.8.2&Prime; _module_preset=\u00a0\u00bbdefault\u00a0\u00bb]<\/p>\n<h3>\u00c9diteur<\/h3>\n<p>Probance<br \/>177 bureaux de la Colline<br \/>92213 Saint Cloud Cedex<\/p>\n<p>T\u00e9l\u00e9phone : 01 55 57 12 50<br \/>Fax : 09 59 85 12 28<br \/>Email : <a href=\"https:\/\/probance.com\/fr\/contact\/\">Veuillez utiliser notre formulaire de contact<\/a><\/p>\n<p>Probance SAS au capital de 605 201,40 \u20ac.<br \/>RCS Nanterre 478 383 946.<br \/>SIRET 478 383 946 000 25.<br \/>APE 7022Z.<br \/>FR 87478383946.<\/p>\n<p>Repr\u00e9sentant l\u00e9gal : Emmanuel Duhesme, CEO.<br \/>Responsable de la Publication : Emmanuel Duhesme, CEO.<\/p>\n<p>Ce site est enregistr\u00e9 aupr\u00e8s de la CNIL par la soci\u00e9t\u00e9 PROBANCE sous le num\u00e9ro : 1506582.<\/p>\n<p>[\/et_pb_text][\/et_pb_column][et_pb_column type=\u00a0\u00bb1_2&Prime; _builder_version=\u00a0\u00bb4.8.2&Prime; _module_preset=\u00a0\u00bbdefault\u00a0\u00bb][et_pb_text _builder_version=\u00a0\u00bb4.8.2&Prime; _module_preset=\u00a0\u00bbdefault\u00a0\u00bb]<\/p>\n<h2>H\u00e9bergeur du site internet<\/h2>\n<p>ONLINE<br \/>BP 438<br \/>75366 PARIS CEDEX 08<\/p>\n<p>T\u00e9l\u00e9phone : 01 73 50 31 75<br \/>Site web : <a href=\"http:\/\/www.online.net\" target=\"_blank\" rel=\"noopener\">www.online.net<\/a><\/p>\n<p>ONLINE SAS au capital de 214 410,50 euros, filiale du groupe Iliad.<br \/>RCS Paris 433 115 904.<br \/>FR 35 433115904.<\/p>\n<h2>H\u00e9bergement des donn\u00e9es personnelles<\/h2>\n<p>Google Cloud Platform<br \/>Centre de donn\u00e9es de Saint-Ghislain, Belgique<\/p>\n<p>[\/et_pb_text][\/et_pb_column][\/et_pb_row][\/et_pb_section]<\/p>\n","protected":false},"excerpt":{"rendered":"<p>Mentions L\u00e9gales\u00c9diteur Probance177 bureaux de la Colline92213 Saint Cloud Cedex T\u00e9l\u00e9phone : 01 55 57 12 50Fax : 09 59 85 12 28Email : Veuillez utiliser notre formulaire de contact Probance SAS au capital de 605 201,40 \u20ac.RCS Nanterre 478 383 946.SIRET 478 383 946 000 25.APE 7022Z.FR 87478383946. Repr\u00e9sentant l\u00e9gal : Emmanuel Duhesme, CEO.Responsable [&hellip;]<\/p>\n","protected":false},"author":1,"featured_media":0,"parent":0,"menu_order":0,"comment_status":"closed","ping_status":"closed","template":"","meta":{"_et_pb_use_builder":"on","_et_pb_old_content":"","_et_gb_content_width":"","footnotes":""},"class_list":["post-2653","page","type-page","status-publish","hentry"],"yoast_head":"<!-- This site is optimized with the Yoast SEO plugin v26.5 - https:\/\/yoast.com\/wordpress\/plugins\/seo\/ -->\n<title>Mentions l\u00e9gales - [Preprod] Probance<\/title>\n<meta name=\"robots\" content=\"index, follow, max-snippet:-1, max-image-preview:large, max-video-preview:-1\" \/>\n<link rel=\"canonical\" href=\"https:\/\/preprod.probance.com\/legals\/\" \/>\n<meta property=\"og:locale\" content=\"fr_FR\" \/>\n<meta property=\"og:type\" content=\"article\" \/>\n<meta property=\"og:title\" content=\"Mentions l\u00e9gales - [Preprod] Probance\" \/>\n<meta property=\"og:description\" content=\"Mentions L\u00e9gales\u00c9diteur Probance177 bureaux de la Colline92213 Saint Cloud Cedex T\u00e9l\u00e9phone : 01 55 57 12 50Fax : 09 59 85 12 28Email : Veuillez utiliser notre formulaire de contact Probance SAS au capital de 605 201,40 \u20ac.RCS Nanterre 478 383 946.SIRET 478 383 946 000 25.APE 7022Z.FR 87478383946. Repr\u00e9sentant l\u00e9gal : Emmanuel Duhesme, CEO.Responsable [&hellip;]\" \/>\n<meta property=\"og:url\" content=\"https:\/\/preprod.probance.com\/legals\/\" \/>\n<meta property=\"og:site_name\" content=\"[Preprod] Probance\" \/>\n<meta property=\"article:modified_time\" content=\"2021-03-17T15:46:45+00:00\" \/>\n<meta name=\"twitter:card\" content=\"summary_large_image\" \/>\n<meta name=\"twitter:label1\" content=\"Dur\u00e9e de lecture estim\u00e9e\" \/>\n\t<meta name=\"twitter:data1\" content=\"1 minute\" \/>\n<script type=\"application\/ld+json\" class=\"yoast-schema-graph\">{\"@context\":\"https:\/\/schema.org\",\"@graph\":[{\"@type\":\"WebPage\",\"@id\":\"https:\/\/preprod.probance.com\/legals\/\",\"url\":\"https:\/\/preprod.probance.com\/legals\/\",\"name\":\"Mentions l\u00e9gales - [Preprod] Probance\",\"isPartOf\":{\"@id\":\"https:\/\/preprod.probance.com\/#website\"},\"datePublished\":\"2021-02-23T13:45:14+00:00\",\"dateModified\":\"2021-03-17T15:46:45+00:00\",\"breadcrumb\":{\"@id\":\"https:\/\/preprod.probance.com\/legals\/#breadcrumb\"},\"inLanguage\":\"fr-FR\",\"potentialAction\":[{\"@type\":\"ReadAction\",\"target\":[\"https:\/\/preprod.probance.com\/legals\/\"]}]},{\"@type\":\"BreadcrumbList\",\"@id\":\"https:\/\/preprod.probance.com\/legals\/#breadcrumb\",\"itemListElement\":[{\"@type\":\"ListItem\",\"position\":1,\"name\":\"Home\",\"item\":\"https:\/\/preprod.probance.com\/\"},{\"@type\":\"ListItem\",\"position\":2,\"name\":\"Mentions l\u00e9gales\"}]},{\"@type\":\"WebSite\",\"@id\":\"https:\/\/preprod.probance.com\/#website\",\"url\":\"https:\/\/preprod.probance.com\/\",\"name\":\"[Preprod] Probance\",\"description\":\"\",\"potentialAction\":[{\"@type\":\"SearchAction\",\"target\":{\"@type\":\"EntryPoint\",\"urlTemplate\":\"https:\/\/preprod.probance.com\/?s={search_term_string}\"},\"query-input\":{\"@type\":\"PropertyValueSpecification\",\"valueRequired\":true,\"valueName\":\"search_term_string\"}}],\"inLanguage\":\"fr-FR\"}]}<\/script>\n<!-- \/ Yoast SEO plugin. -->","yoast_head_json":{"title":"Mentions l\u00e9gales - [Preprod] Probance","robots":{"index":"index","follow":"follow","max-snippet":"max-snippet:-1","max-image-preview":"max-image-preview:large","max-video-preview":"max-video-preview:-1"},"canonical":"https:\/\/preprod.probance.com\/legals\/","og_locale":"fr_FR","og_type":"article","og_title":"Mentions l\u00e9gales - [Preprod] Probance","og_description":"Mentions L\u00e9gales\u00c9diteur Probance177 bureaux de la Colline92213 Saint Cloud Cedex T\u00e9l\u00e9phone : 01 55 57 12 50Fax : 09 59 85 12 28Email : Veuillez utiliser notre formulaire de contact Probance SAS au capital de 605 201,40 \u20ac.RCS Nanterre 478 383 946.SIRET 478 383 946 000 25.APE 7022Z.FR 87478383946. Repr\u00e9sentant l\u00e9gal : Emmanuel Duhesme, CEO.Responsable [&hellip;]","og_url":"https:\/\/preprod.probance.com\/legals\/","og_site_name":"[Preprod] Probance","article_modified_time":"2021-03-17T15:46:45+00:00","twitter_card":"summary_large_image","twitter_misc":{"Dur\u00e9e de lecture estim\u00e9e":"1 minute"},"schema":{"@context":"https:\/\/schema.org","@graph":[{"@type":"WebPage","@id":"https:\/\/preprod.probance.com\/legals\/","url":"https:\/\/preprod.probance.com\/legals\/","name":"Mentions l\u00e9gales - [Preprod] Probance","isPartOf":{"@id":"https:\/\/preprod.probance.com\/#website"},"datePublished":"2021-02-23T13:45:14+00:00","dateModified":"2021-03-17T15:46:45+00:00","breadcrumb":{"@id":"https:\/\/preprod.probance.com\/legals\/#breadcrumb"},"inLanguage":"fr-FR","potentialAction":[{"@type":"ReadAction","target":["https:\/\/preprod.probance.com\/legals\/"]}]},{"@type":"BreadcrumbList","@id":"https:\/\/preprod.probance.com\/legals\/#breadcrumb","itemListElement":[{"@type":"ListItem","position":1,"name":"Home","item":"https:\/\/preprod.probance.com\/"},{"@type":"ListItem","position":2,"name":"Mentions l\u00e9gales"}]},{"@type":"WebSite","@id":"https:\/\/preprod.probance.com\/#website","url":"https:\/\/preprod.probance.com\/","name":"[Preprod] Probance","description":"","potentialAction":[{"@type":"SearchAction","target":{"@type":"EntryPoint","urlTemplate":"https:\/\/preprod.probance.com\/?s={search_term_string}"},"query-input":{"@type":"PropertyValueSpecification","valueRequired":true,"valueName":"search_term_string"}}],"inLanguage":"fr-FR"}]}},"_links":{"self":[{"href":"https:\/\/preprod.probance.com\/fr\/wp-json\/wp\/v2\/pages\/2653","targetHints":{"allow":["GET"]}}],"collection":[{"href":"https:\/\/preprod.probance.com\/fr\/wp-json\/wp\/v2\/pages"}],"about":[{"href":"https:\/\/preprod.probance.com\/fr\/wp-json\/wp\/v2\/types\/page"}],"author":[{"embeddable":true,"href":"https:\/\/preprod.probance.com\/fr\/wp-json\/wp\/v2\/users\/1"}],"replies":[{"embeddable":true,"href":"https:\/\/preprod.probance.com\/fr\/wp-json\/wp\/v2\/comments?post=2653"}],"version-history":[{"count":5,"href":"https:\/\/preprod.probance.com\/fr\/wp-json\/wp\/v2\/pages\/2653\/revisions"}],"predecessor-version":[{"id":2668,"href":"https:\/\/preprod.probance.com\/fr\/wp-json\/wp\/v2\/pages\/2653\/revisions\/2668"}],"wp:attachment":[{"href":"https:\/\/preprod.probance.com\/fr\/wp-json\/wp\/v2\/media?parent=2653"}],"curies":[{"name":"wp","href":"https:\/\/api.w.org\/{rel}","templated":true}]}}